{"id":678,"date":"2023-10-14T06:23:40","date_gmt":"2023-10-14T06:23:40","guid":{"rendered":"https:\/\/yogabindu.de\/?page_id=678"},"modified":"2023-10-16T16:32:08","modified_gmt":"2023-10-16T16:32:08","slug":"datenschutz","status":"publish","type":"page","link":"https:\/\/yogabindu.de\/?page_id=678","title":{"rendered":"Datenschutz"},"content":{"rendered":"\n\n\t<section class=\"section\" id=\"section_1379263433\">\n\t\t<div class=\"section-bg fill\" >\n\t\t\t\t\t\t\t\t\t\n\t\t\t\n\n\t\t<\/div>\n\n\t\t\n\n\t\t<div class=\"section-content relative\">\n\t\t\t\n\n<div class=\"row align-center\"  id=\"row-471751797\">\n\n\n\t<div id=\"col-118878783\" class=\"col small-12 large-12\"  >\n\t\t\t\t<div class=\"col-inner\"  >\n\t\t\t\n\t\t\t\n\n<span class=\"scroll-to\" data-label=\"Scroll to: #datenschutz\" data-bullet=\"false\" data-link=\"#datenschutz\" data-title=\"datenschutz\"><a name=\"datenschutz\"><\/a><\/span>\n\n<div class=\"container section-title-container\" ><h1 class=\"section-title section-title-center\"><b aria-hidden=\"true\"><\/b><span class=\"section-title-main\" >Datenschutzerkl\u00e4rung<\/span><b aria-hidden=\"true\"><\/b><\/h1><\/div>\n\n<p class=\"sqsrte-large\"><strong>GELTUNGSBEREICH<\/strong><\/p>\n<p class=\"sqsrte-large\">Diese Datenschutzerkl\u00e4rung kl\u00e4rt Nutzer \u00fcber Art, Umfang und Zweck der Erhebung und Verwendung personenbezogener Daten durch die verantwortliche Anbieterin Sarah Niehaus, Gr\u00e4denerstra\u00dfe 9, 20257 Hamburg, auf dieser Website (im folgenden \u201cAngebot\u201d) auf.<br \/>Die rechtlichen Grundlagen des Datenschutzes finden sich im Bundesdatenschutzgesetz (BDSG) und dem Telemediengesetz (TMG).<\/p>\n<p class=\"sqsrte-large\"><strong>ZUGRIFFSDATEN\/SERVER-LOGFILES<\/strong><\/p>\n<p class=\"sqsrte-large\">Der Anbieter (beziehungsweise sein Webspace-Provider) erhebt personenbezogene Daten \u00fcber jeden Zugriff auf das Angebot. Zu den Zugriffsdaten geh\u00f6ren: Name der abgerufenen Webseite, Datei, Datum und Uhrzeit des Abrufs, \u00fcbertragene Datenmenge, Meldung \u00fcber erfolgreichen Abruf, Browsertyp inkl. Version, das Betriebssystem des Nutzers, Referrer URL, IP-Adresse und der anfragende Provider. Der Anbieter verwendet die Protokolldaten nur f\u00fcr statistische Auswertungen zum Zweck des Betriebs, der Sicherheit und der Optimierung seiner Angebote. Er beh\u00e4lt sich jedoch vor, die Protokolldaten nachtr\u00e4glich zu \u00fcberpr\u00fcfen, sollte der Verdacht einer rechtswidrigen Nutzung bestehen.<\/p>\n<p class=\"sqsrte-large\"><strong>UMGANG MIT PERSONENBEZOGENEN DATEN<\/strong><\/p>\n<p class=\"sqsrte-large\">Personenbezogene Daten sind Informationen, mit denen eine Person bestimmbar ist. Dazu geh\u00f6ren der Name, die E-Mail-Adresse oder die Telefonnummer. Personenbezogene Daten werden von dem Anbieter nur dann erhoben, genutzt und weitergegeben, wenn dies gesetzlich erlaubt ist oder die Nutzer in die Datenerhebung einwilligen.<\/p>\n<p class=\"sqsrte-large\"><strong>KONTAKTAUFNAHME<\/strong><\/p>\n<p class=\"sqsrte-large\">Bei der Kontaktaufnahme mit dem Anbieter, beispielsweise \u00fcber das Kontaktformular, per E-Mail oder Telefon, werden die Angaben des Nutzers f\u00fcr die Bearbeitung der Anfrage gespeichert.<\/p>\n<p class=\"sqsrte-large\"><strong>EINBINDUNG VON DIENSTEN UND INHALTEN DRITTER<\/strong><\/p>\n<p class=\"sqsrte-large\">Innerhalb dieses Online-Angebotes kann es vorkommen, dass Inhalte Dritter, wie zum Beispiel Videos von YouTube, Kartenmaterial von Google-Maps, RSS-Feeds oder Grafiken von anderen Webseiten eingebunden werden. Das bedeutet, dass die Anbieter dieser Inhalte (\u201cDritt-Anbieter\u201d) die IP-Adresse der Nutzer wahrnehmen, um die Inhalte an den jeweiligen Browser zu senden. Die IP-Adresse ist damit f\u00fcr die Darstellung dieser Inhalte erforderlich. Der Anbieter bem\u00fcht sich, nur Inhalte von Anbietern zu nutzen, welche die IP-Adresse lediglich zur Auslieferung der Inhalte verwenden. Der Anbieter dieser Webseite hat jedoch keinen Einfluss darauf, sollten Dritt-Anbieter die IP-Adresse beispielsweise f\u00fcr statistische Zwecke speichern. Soweit dies bekannt ist, kl\u00e4rt der Anbieter die Nutzer dar\u00fcber auf.<\/p>\n<p class=\"sqsrte-large\"><strong>COOKIES<\/strong><\/p>\n<p class=\"sqsrte-large\">Cookies erm\u00f6glichen es, auf dem Endger\u00e4t der Nutzer spezifische und auf das Ger\u00e4t bezogene Informationen zu speichern. Cookies nutzen der Verbesserung der Benutzerfreundlichkeit von Webseiten sowie der Erfassung statistischer Daten der Webseiten-Nutzung. Letztere dient der Verbesserung des Angebotes. \u00dcber die meisten Browser kann das Speichern von Cookies eingeschr\u00e4nkt oder komplett verhindert wird. Allerdings kann die Nutzung und der Nutzungskomfort ohne Cookies eingeschr\u00e4nkt werden. Mehr dazu in den\u00a0<a href=\"https:\/\/gabriel-ching-a54j.squarespace.com\/cookies\">Cookies-Richtlinien<\/a><\/p>\n<p class=\"sqsrte-large\"><strong>GOOGLE ANALYTICS<\/strong><\/p>\n<p class=\"sqsrte-large\">Dieses Angebot benutzt Google Analytics, einen Webanalysedienst der Google Inc. (\u201eGoogle\u201c). Google Analytics verwendet sog. \u201eCookies\u201c. Das sind Textdateien, die auf dem Computer der Nutzer gespeichert werden und die eine Analyse der Benutzung der Webseite erm\u00f6glichen. Die durch den Cookie erzeugten Informationen \u00fcber Benutzung dieser Website durch die Nutzer werden in der Regel an einen Server von Google in den USA \u00fcbertragen und dort gespeichert.<\/p>\n<p class=\"sqsrte-large\">Im Falle der Aktivierung der IP-Anonymisierung auf dieser Webseite, wird die IP-Adresse der Nutzer von Google jedoch innerhalb von Mitgliedstaaten der Europ\u00e4ischen Union oder in anderen Vertragsstaaten des Abkommens \u00fcber den Europ\u00e4ischen Wirtschaftsraum zuvor gek\u00fcrzt. Nur in Ausnahmef\u00e4llen wird die volle IP-Adresse an einen Server von Google in den USA \u00fcbertragen und dort gek\u00fcrzt. Die IP-Anonymisierung ist auf dieser Website aktiv. Im Auftrag des Betreibers dieser Website wird Google diese Informationen benutzen, um die Nutzung der Website durch die Nutzer auszuwerten, um Reports \u00fcber die Websiteaktivit\u00e4ten zusammenzustellen und um weitere mit der Websitenutzung und der Internetnutzung verbundene Dienstleistungen gegen\u00fcber dem Websitebetreiber zu erbringen.<\/p>\n<p class=\"sqsrte-large\">Google sichert hierbei gem\u00e4\u00df ihrer TOCs zu, dass die Daten nicht mit anderen Daten von Google zusammengef\u00fchrt werden. Nutzer k\u00f6nnen die Speicherung der Cookies durch eine entsprechende Einstellung Ihrer Browser-Software sowie die Erfassung der durch das Cookie erzeugten und auf ihre Nutzung der Website bezogenen Daten (inkl. Ihrer IP-Adresse) an Google sowie die Verarbeitung dieser Daten durch Google verhindern, indem sie das unter dem folgenden Link verf\u00fcgbare Browser-Plugin herunterladen und installieren: <a href=\"http:\/\/tools.google.com\/dlpage\/gaoptout?hl=de\" target=\"_blank\" rel=\"noopener\">http:\/\/tools.google.com\/dlpage\/gaoptout?hl=de<\/a>.<\/p>\n<p>Alternativ zum Browser-Add-On oder innerhalb von Browsern auf mobilen Ger\u00e4ten, k\u00f6nnen Nutzer diesen Link nutzen, um die Erfassung durch Google Analytics innerhalb dieser Website zuk\u00fcnftig zu verhindern. Dabei wird ein Opt-Out-Cookie auf dem Ger\u00e4t abgelegt. Nach L\u00f6schen der Cookies, muss dieser Link erneut geklickt werden.<\/p>\n<p class=\"sqsrte-large\"><strong>WIDERRUF, \u00c4NDERUNGEN, BERICHTIGUNGEN UND AKTUALISIERUNGEN<\/strong><\/p>\n<p class=\"sqsrte-large\">Der Nutzer hat das Recht, auf Antrag unentgeltlich Auskunft zu erhalten \u00fcber die personenbezogenen Daten, die \u00fcber ihn gespeichert wurden. Zus\u00e4tzlich hat der Nutzer das Recht auf Berichtigung falscher Daten, Sperrung und L\u00f6schung seiner personenbezogenen Daten, soweit dem keine gesetzliche Aufbewahrungspflicht entgegensteht.<\/p>\n<p class=\"sqsrte-large\"><strong>HABEN SIE NOCH FRAGEN ZUM DATENSCHUTZ<\/strong><\/p>\n<p class=\"sqsrte-large\">Mailen Sie uns an kontakt@yogabindu.de<\/p>\n<p class=\"sqsrte-large\">\n\n\n\t\t<\/div>\n\t\t\t\t\t<\/div>\n\n\t\n\n<\/div>\n\n\t\t<\/div>\n\n\t\t\n<style>\n#section_1379263433 {\n  padding-top: 60px;\n  padding-bottom: 60px;\n  min-height: 300px;\n  background-color: rgb(245, 245, 245);\n}\n<\/style>\n\t<\/section>\n\t\n\n","protected":false},"excerpt":{"rendered":"","protected":false},"author":4,"featured_media":0,"parent":457,"menu_order":1,"comment_status":"closed","ping_status":"closed","template":"page-blank.php","meta":{"footnotes":""},"class_list":["post-678","page","type-page","status-publish","hentry"],"jetpack_sharing_enabled":true,"_links":{"self":[{"href":"https:\/\/yogabindu.de\/index.php?rest_route=\/wp\/v2\/pages\/678","targetHints":{"allow":["GET"]}}],"collection":[{"href":"https:\/\/yogabindu.de\/index.php?rest_route=\/wp\/v2\/pages"}],"about":[{"href":"https:\/\/yogabindu.de\/index.php?rest_route=\/wp\/v2\/types\/page"}],"author":[{"embeddable":true,"href":"https:\/\/yogabindu.de\/index.php?rest_route=\/wp\/v2\/users\/4"}],"replies":[{"embeddable":true,"href":"https:\/\/yogabindu.de\/index.php?rest_route=%2Fwp%2Fv2%2Fcomments&post=678"}],"version-history":[{"count":2,"href":"https:\/\/yogabindu.de\/index.php?rest_route=\/wp\/v2\/pages\/678\/revisions"}],"predecessor-version":[{"id":686,"href":"https:\/\/yogabindu.de\/index.php?rest_route=\/wp\/v2\/pages\/678\/revisions\/686"}],"up":[{"embeddable":true,"href":"https:\/\/yogabindu.de\/index.php?rest_route=\/wp\/v2\/pages\/457"}],"wp:attachment":[{"href":"https:\/\/yogabindu.de\/index.php?rest_route=%2Fwp%2Fv2%2Fmedia&parent=678"}],"curies":[{"name":"wp","href":"https:\/\/api.w.org\/{rel}","templated":true}]}}