{"id":313,"date":"2022-10-30T18:10:43","date_gmt":"2022-10-30T18:10:43","guid":{"rendered":"https:\/\/yogabindu.de\/?page_id=313"},"modified":"2023-10-14T06:25:06","modified_gmt":"2023-10-14T06:25:06","slug":"simple-corporate-2-2","status":"publish","type":"page","link":"https:\/\/yogabindu.de\/?page_id=313","title":{"rendered":"Impressum"},"content":{"rendered":"\n\n\t<section class=\"section\" id=\"section_773275097\">\n\t\t<div class=\"section-bg fill\" >\n\t\t\t\t\t\t\t\t\t\n\t\t\t\n\n\t\t<\/div>\n\n\t\t\n\n\t\t<div class=\"section-content relative\">\n\t\t\t\n\n<div class=\"row align-center\"  id=\"row-2003268501\">\n\n\n\t<div id=\"col-521278347\" class=\"col small-12 large-12\"  >\n\t\t\t\t<div class=\"col-inner\"  >\n\t\t\t\n\t\t\t\n\n<span class=\"scroll-to\" data-label=\"Scroll to: #impressum\" data-bullet=\"false\" data-link=\"#impressum\" data-title=\"impressum\"><a name=\"impressum\"><\/a><\/span>\n\n<div class=\"container section-title-container\" ><h1 class=\"section-title section-title-center\"><b aria-hidden=\"true\"><\/b><span class=\"section-title-main\" >IMPRESSUM<\/span><b aria-hidden=\"true\"><\/b><\/h1><\/div>\n\n<p class=\"sqsrte-large\"><strong>VERANTWORTLICH F\u00dcR INHALT<\/strong><\/p>\n<p class=\"sqsrte-large\">Sarah Niehaus<br \/>Gr\u00e4denerstra\u00dfe 9<br \/>20257 Hamburg<\/p>\n<p class=\"sqsrte-large\"><strong><br \/>HAFTUNGSBESCHR\u00c4NKUNG<\/strong><\/p>\n<p class=\"sqsrte-large\">Die Inhalte dieser Webseite werden mit gr\u00f6\u00dfter Sorgfalt erstellt. F\u00fcr die Richtigkeit, Vollst\u00e4ndigkeit und Aktualit\u00e4t der Inhalte kann der Anbieter jedoch keine Gew\u00e4hr \u00fcbernehmen. Die Nutzung der Inhalte der Webseite erfolgt auf eigene Verantwortung des Nutzers. Namentlich gekennzeichnete Beitr\u00e4ge geben die Meinung des jeweiligen Autors wieder. Mit der reinen Nutzung der Webseite des Anbieters kommt keinerlei Vertragsverh\u00e4ltnis zwischen Nutzer und Anbieter zustande.\u00a0<\/p>\n<p class=\"sqsrte-large\"><strong>EXTERNE LINKS<\/strong><\/p>\n<p class=\"sqsrte-large\">Diese Webseite enth\u00e4lt Links zu Webseites Dritter, sog. externe Links, auf deren Inhalte der Anbieter dieser Webseite keinen Einfluss hat. Diese Webseites unterliegen der Haftung der jeweiligen Betreiber. Der Anbieter hat bei der erstmaligen Verkn\u00fcpfung der externen Links die fremden Inhalte auf etwaige Rechtsverst\u00f6\u00dfe \u00fcberpr\u00fcft. Zu dem Zeitpunkt waren keine Rechtsverst\u00f6\u00dfe erkennbar. Der Anbieter hat keinerlei Einfluss auf die fortlaufende inhaltliche Ausgestaltung der verkn\u00fcpften Seiten. Das Setzen von externen Links bedeutet nicht, dass sich der Anbieter die hinter dem Verweis oder Link liegenden Inhalte zu Eigen macht. Eine st\u00e4ndige Kontrolle der externen Links ist f\u00fcr den Anbieter ohne konkrete Hinweise auf Rechtsverst\u00f6\u00dfe nicht zumutbar. Bei Bekanntwerden von Rechtsverst\u00f6\u00dfen werden derartige externe Links jedoch unverz\u00fcglich entfernt.<\/p>\n<p class=\"sqsrte-large\">\u00a0<br \/><strong>URHEBER- UND LEISTUNGSSCHUTZRECHTE<\/strong><\/p>\n<p class=\"sqsrte-large\">Die f\u00fcr diese Webseite erzeugten Inhalte unterliegen dem deutschen Urheber- und Leistungsschutzrecht. Vervielf\u00e4ltigung, Bearbeitung, \u00dcbersetzung, Einspeicherung, Verarbeitung oder Wiedergabe von Inhalten in Datenbanken oder anderen elektronischen Medien und Systemen bedarf der vorherigen schriftlichen Zustimmung des Anbieters oder jeweiligen Rechteinhabers. Inhalte und Rechte Dritter sind dabei als solche gekennzeichnet. Die unerlaubte Vervielf\u00e4ltigung oder Weitergabe von Inhalten oder Seiten ist nicht gestattet und strafbar. Die Herstellung von Kopien und Downloads f\u00fcr den privaten und nicht kommerziellen Gebrauch ist erlaubt. Die Darstellung dieser Website in fremden Frames ist nur mit schriftlicher Erlaubnis zul\u00e4ssig. Inhalte Dritter werden als solche gekennzeichnet. Sollten Nutzer auf eine Urheberrechtsverletzung aufmerksam werden, bittet der Anbieter um einen entsprechenden Hinweis, um entsprechende Inhalte umgehend zu entfernen.<\/p>\n\n\t\t<\/div>\n\t\t\t\t\t<\/div>\n\n\t\n\n\t<div id=\"col-672930271\" class=\"col small-12 large-12\"  >\n\t\t\t\t<div class=\"col-inner\"  >\n\t\t\t\n\t\t\t\n\n<span class=\"scroll-to\" data-label=\"Scroll to: #cookie\" data-bullet=\"false\" data-link=\"#cookie\" data-title=\"cookie\"><a name=\"cookie\"><\/a><\/span>\n\n<div class=\"container section-title-container\" ><h1 class=\"section-title section-title-center\"><b aria-hidden=\"true\"><\/b><span class=\"section-title-main\" >COOKIES AUF DER YOGABINDU WEBSITE<\/span><b aria-hidden=\"true\"><\/b><\/h1><\/div>\n\n<p class=\"sqsrte-large\">Diese Website verwendet kleine Dateien, die Cookies genannt werden, um damit das Webangebot zu verbessern. Diese Seite enth\u00e4lt Informationen dar\u00fcber, was Cookies sind, welche Cookies von der Yogabindu-Website verwendet werden, wie Nutzer (Werbe-)Cookies in ihrem Browser ausschalten k\u00f6nnen. Bei Fragen k\u00f6nnen Nutzer sich per E-Mail wenden an kontakt@yogabindu.de<\/p>\n<p class=\"sqsrte-large\">\u00a0<\/p>\n<p class=\"sqsrte-large\"><strong>Was sind Cookies?<\/strong><\/p>\n<p class=\"sqsrte-large\">Cookies sind kleine Textdateien, die vom Browser auf den Endger\u00e4ten der Nutzer gespeichert werden. Sie geben Auskunft \u00fcber Nutzerverhalten und -pr\u00e4ferenzen und speichern diese. Als eine Art &#8222;Ged\u00e4chtnis&#8220; f\u00fcr die Website erkennen Cookies Nutzer der Website wieder.<\/p>\n<p class=\"sqsrte-large\">\u00a0<\/p>\n<p class=\"sqsrte-large\"><strong>Wie verwendet die Website von Yogabindu Cookies?<\/strong><\/p>\n<p class=\"sqsrte-large\">Ein Besuch einer Seite auf der Website von Yogabindu kann die folgenden Arten von Cookies erzeugen:<\/p>\n<p class=\"sqsrte-large\"><strong>Anonyme Analyse-Cookies<br \/>Geotargeting-Cookies<br \/>Cookies von Dritten<\/strong><\/p>\n<p class=\"sqsrte-large\">\u00a0<\/p>\n<p class=\"sqsrte-large\"><strong>Anonyme Analyse-Cookies<\/strong><\/p>\n<p class=\"sqsrte-large\">Bei jedem Website-Besuch wird ein &#8222;anonymes Analyse-Cookie&#8220; erzeugt. Diese Cookies informieren dar\u00fcber, ob ein Nutzer die Seite schon einmal besucht hat oder nicht. So wird deutlich, wie viele einzelne Benutzer die Seite hat und wie oft sie die Seite besuchen. Diese Cookies werden nicht verwenden, um Personen zu identifizieren, sondern um Statistiken zu erstellen. \u00a0<\/p>\n<p class=\"sqsrte-large\"><strong>Geotargeting-Cookies<\/strong><\/p>\n<p class=\"sqsrte-large\">Diese Cookies werden verwendet, um herauszufinden, aus welchem Land Nutzer auf die Webseite zugreifen. Dieses Cookie ist anonym. \u00a0<\/p>\n<p class=\"sqsrte-large\"><strong>Andere Cookies von Dritten<\/strong><\/p>\n<p class=\"sqsrte-large\">Auf einigen Seiten dieser Website k\u00f6nnen andere Organisationen ihre eigenen anonymen Cookies setzen. Sie tun dies, um den Erfolg ihrer Anwendung zu verfolgen oder die Anwendung f\u00fcr Nutzer anzupassen. Aufgrund der Funktionsweise von Cookies kann der Anbieter dieser Website nicht auf diese Cookies zugreifen. Wenn Nutzer beispielsweise eine Nachricht \u00fcber ein Kontaktformular auf Yogabindu senden, wird der Anbieter des Buttons aufzeichnen, dass der Nutzer dies getan hat.<\/p>\n<p class=\"sqsrte-large\">\u00a0<\/p>\n<p class=\"sqsrte-large\"><strong>Wie schalte ich Cookies aus?<\/strong><\/p>\n<p class=\"sqsrte-large\">In der Regel ist es m\u00f6glich, die Annahme von Cookies durch den Browser zu unterbinden oder die Annahme von Cookies einer bestimmten Website zu unterbinden.\u00a0Diese Einstellungen finden Nutzer in der Regel im Men\u00fc Optionen oder Einstellungen des Browsers. Im Umgang damit k\u00f6nnen folgende Links hilfreich sein.<\/p>\n<p class=\"sqsrte-large\"><a href=\"http:\/\/windows.microsoft.com\/en-GB\/internet-explorer\/delete-manage-cookies#ie=ie-10\" target=\"_blank\" rel=\"noopener\">Cookie-Einstellungen im Internet Explorer<\/a><br \/><a href=\"http:\/\/support.mozilla.com\/en-US\/kb\/Cookies\" target=\"_blank\" rel=\"noopener\">Cookie-Einstellungen in Firefox<\/a><br \/><a href=\"https:\/\/support.google.com\/chrome\/answer\/95647?hl=en&amp;ref_topic=14666\" target=\"_blank\" rel=\"noopener\">Cookie-Einstellungen in Chrome<\/a><br \/><a href=\"https:\/\/support.apple.com\/kb\/PH17191?locale=en_US\" target=\"_blank\" rel=\"noopener\">Cookie-Einstellungen in Safari<\/a>\u00a0web und\u00a0<a href=\"http:\/\/support.apple.com\/kb\/HT1677\" target=\"_blank\" rel=\"noopener\">iOS<\/a><\/p>\n<p class=\"sqsrte-large\"><a href=\"https:\/\/support.microsoft.com\/en-us\/help\/260971\/description-of-cookies\" target=\"_blank\" rel=\"noopener\">Leitfaden f\u00fcr Microsoft-Cookies<\/a><br \/><a href=\"http:\/\/www.allaboutcookies.org\/\" target=\"_blank\" rel=\"noopener\">Alles \u00fcber Cookies<\/a><\/p>\n<p class=\"sqsrte-large\">Wenn Nutzer sich in erster Linie um von Werbekunden erzeugte Cookies von Drittanbietern sorgen, k\u00f6nnen diese auf der\u00a0<a href=\"http:\/\/www.youronlinechoices.com\/uk\" target=\"_blank\" rel=\"noopener\">Website Your Online Choices<\/a>\u00a0deaktivieren.<\/p>\n<p class=\"sqsrte-large\">Weitere Informationen dazu finden Nutzer beim Fachverband, der diese Werbeplattformen vertritt:\u00a0<a href=\"http:\/\/www.networkadvertising.org\/\" target=\"_blank\" rel=\"noopener\">Netzwerk-Werbeinitiative<\/a>. Sie haben\u00a0<a href=\"http:\/\/networkadvertising.org\/managing\/opt_out.asp\" target=\"_blank\" rel=\"noopener\">eine Seite<\/a>\u00a0zur Verf\u00fcgung gestellt, auf der Sie alle Online-Werbung von Drittanbietern kontrollieren k\u00f6nnen.<\/p>\n<p class=\"sqsrte-large\">Bei Fragen mailen Sie uns an kontakt@yogabindu.de<\/p>\n\n\t\t<\/div>\n\t\t\t\t\t<\/div>\n\n\t\n\n<\/div>\n\n\t\t<\/div>\n\n\t\t\n<style>\n#section_773275097 {\n  padding-top: 60px;\n  padding-bottom: 60px;\n  min-height: 300px;\n  background-color: rgb(245, 245, 245);\n}\n<\/style>\n\t<\/section>\n\t\n\n","protected":false},"excerpt":{"rendered":"","protected":false},"author":1,"featured_media":0,"parent":457,"menu_order":1,"comment_status":"closed","ping_status":"closed","template":"page-blank.php","meta":{"footnotes":""},"class_list":["post-313","page","type-page","status-publish","hentry"],"jetpack_sharing_enabled":true,"_links":{"self":[{"href":"https:\/\/yogabindu.de\/index.php?rest_route=\/wp\/v2\/pages\/313","targetHints":{"allow":["GET"]}}],"collection":[{"href":"https:\/\/yogabindu.de\/index.php?rest_route=\/wp\/v2\/pages"}],"about":[{"href":"https:\/\/yogabindu.de\/index.php?rest_route=\/wp\/v2\/types\/page"}],"author":[{"embeddable":true,"href":"https:\/\/yogabindu.de\/index.php?rest_route=\/wp\/v2\/users\/1"}],"replies":[{"embeddable":true,"href":"https:\/\/yogabindu.de\/index.php?rest_route=%2Fwp%2Fv2%2Fcomments&post=313"}],"version-history":[{"count":6,"href":"https:\/\/yogabindu.de\/index.php?rest_route=\/wp\/v2\/pages\/313\/revisions"}],"predecessor-version":[{"id":680,"href":"https:\/\/yogabindu.de\/index.php?rest_route=\/wp\/v2\/pages\/313\/revisions\/680"}],"up":[{"embeddable":true,"href":"https:\/\/yogabindu.de\/index.php?rest_route=\/wp\/v2\/pages\/457"}],"wp:attachment":[{"href":"https:\/\/yogabindu.de\/index.php?rest_route=%2Fwp%2Fv2%2Fmedia&parent=313"}],"curies":[{"name":"wp","href":"https:\/\/api.w.org\/{rel}","templated":true}]}}